{"id":3,"date":"2020-09-21T18:13:43","date_gmt":"2020-09-21T18:13:43","guid":{"rendered":"http:\/\/casayitani.com\/?page_id=3"},"modified":"2020-10-05T17:41:21","modified_gmt":"2020-10-05T17:41:21","slug":"aviso-de-privacidad","status":"publish","type":"page","link":"https:\/\/casayitani.com\/index.php\/aviso-de-privacidad\/","title":{"rendered":"Aviso de Privacidad"},"content":{"rendered":"\t\t<div data-elementor-type=\"wp-page\" data-elementor-id=\"3\" class=\"elementor elementor-3\">\n\t\t\t\t\t\t<section class=\"elementor-section elementor-top-section elementor-element elementor-element-87eb207 elementor-section-boxed elementor-section-height-default elementor-section-height-default\" data-id=\"87eb207\" data-element_type=\"section\">\n\t\t\t\t\t\t<div class=\"elementor-container elementor-column-gap-default\">\n\t\t\t\t\t<div class=\"elementor-column elementor-col-100 elementor-top-column elementor-element elementor-element-f0031cd\" data-id=\"f0031cd\" data-element_type=\"column\">\n\t\t\t<div class=\"elementor-widget-wrap elementor-element-populated\">\n\t\t\t\t\t\t<div class=\"elementor-element elementor-element-255a19c elementor-widget elementor-widget-text-editor\" data-id=\"255a19c\" data-element_type=\"widget\" data-widget_type=\"text-editor.default\">\n\t\t\t\t<div class=\"elementor-widget-container\">\n\t\t\t\t\t\t\t\t\t<p>SEDERIA DEL CENTRO S.A. DE C.V.<br \/>2 Poniente No. 106-A<br \/>Col. Centro<br \/>Puebla, Pue. M\u00e9xico<br \/>C.P. 72000<br \/>RFC SCE850117BIA<br \/>privacidad@casayitani.com<\/p>\n<h3>AVISO DE PRIVACIDAD<\/h3>\n<p><strong>I<\/strong>. <strong>Identidad y domicilio del responsable que los recaba. <\/strong>En virtud de lo dispuesto por la Ley Federal de Protecci\u00f3n de Datos Personales en Posesi\u00f3n de los Particulares (en adelante, la \u201cLFPDPPP\u201d) y resto de disposiciones aplicables, <strong>SEDERIA DEL CENTRO S.A. DE C.V. <\/strong>(en adelante el \u201cResponsable\u201d), con RFC <strong>SCE850117BIA<\/strong> y domicilio en<strong> 2 Poniente No. 106-A Col. Centro C.P. 72000 Puebla, Puebla, M\u00e9xico<\/strong>, es responsable de recabar sus datos personales, del uso que se le d\u00e9 a los mismos y de su protecci\u00f3n, conforme a lo que m\u00e1s adelante se se\u00f1ala.<\/p>\n<p><strong>II. Datos personales recabados y finalidades del tratamiento de datos. <\/strong>Para las finalidades indicadas en el presente Aviso de Privacidad, y dependiendo la interacci\u00f3n o relaci\u00f3n que usted vaya a tener con la empresa, podr\u00edan recabarse u obtenerse los siguientes datos personales: Nombre completo, nacionalidad, sexo, domicilio, tel\u00e9fonos, correo electr\u00f3nico, estado civil, lugar y fecha de nacimiento, Clave \u00danica de Registro de Poblaci\u00f3n (CURP), Clave de Registro Federal de Contribuyentes (RFC), domicilio fiscal, datos contenidos en identificaciones oficiales, datos de familiares directos y referencias personales, datos de cuentas bancarias, cualquier dato requerido para la elaboraci\u00f3n de un contrato, cualquier dato contenido en un acta constitutiva, entre otros. Para las finalidades descritas en el siguiente apartado, el Responsable no recaba datos personales sensibles.<\/p>\n<p>Su informaci\u00f3n personal ser\u00e1 utilizada para proveer los servicios y productos que ha solicitado y\/o para llevar a cabo los procedimientos necesarios en su relaci\u00f3n con la empresa, as\u00ed como para informarle sobre cambios en los mismos y evaluar la calidad del servicio que le brindamos. As\u00ed, las finalidades originarias y necesarias son: Gesti\u00f3n, control, administraci\u00f3n y actualizaci\u00f3n de los datos personales relacionados con los clientes del Responsable: personas f\u00edsicas y representantes legales o contactos designados por personas morales; Gesti\u00f3n, control y administraci\u00f3n de las comunicaciones entre el Responsable y sus clientes; Facturaci\u00f3n de productos y, en su caso, su cobro judicial o extrajudicial; Registro y seguimiento del estado de los servicios otorgados; y Estad\u00edstica y registro hist\u00f3rico de clientes. Las finalidades adicionales: Env\u00edo de comunicaciones sobre ofertas y servicios proporcionados por socios comerciales del Responsable.<br \/><br \/><strong>III. Opciones y medios que el responsable ofrezca a los titulares para limitar el uso o divulgaci\u00f3n de los datos. <\/strong>Usted podr\u00e1 limitar el uso o divulgaci\u00f3n de sus datos personales dirigiendo la solicitud correspondiente al correo electr\u00f3nico <strong>privacidad@casayitani.com.<\/strong> Los requisitos para acreditar su identidad, as\u00ed como el procedimiento para atender su solicitud ser\u00e1n los mismos que los se\u00f1alados en el apartado \u201cEjercicio de los derechos ARCO\u201d.<br \/><br \/><strong>IV. Los medios para ejercer los derechos de acceso, rectificaci\u00f3n, cancelaci\u00f3n u oposici\u00f3n<\/strong>. En todos aquellos casos legalmente procedentes, usted podr\u00e1 ejercer en todo momento sus derechos de Acceso, Rectificaci\u00f3n, Cancelaci\u00f3n y Oposici\u00f3n (ARCO) as\u00ed como de oponerse al tratamiento de los mismos o revocar el consentimiento que para tal fin nos haya otorgado, a trav\u00e9s de los procedimientos que hemos implementado. Para conocer dichos procedimientos, los requisitos y plazos, lo puede solicitar al correo electr\u00f3nico: <strong>privacidad@casayitani.com<\/strong><\/p>\n<p>La solicitud correspondiente deber\u00e1 cumplir con los requisitos establecidos en la legislaci\u00f3n vigente, mediante escrito dirigido a nuestro Departamento de Datos Personales, al domicilio indicado en el numeral I del presente Aviso. La solicitud deber\u00e1 contener y acompa\u00f1ar lo siguiente:<\/p>\n<p style=\"padding-left: 40px;\">a) Su nombre, domicilio y correo electr\u00f3nico para comunicarle la respuesta a su solicitud.<br \/>b) Los documentos que acrediten su identidad o, en su caso, la representaci\u00f3n legal; y<br \/>c) La descripci\u00f3n clara y precisa de los Derechos ARCO que desea ejercer.<br \/>d) Cualquier otro elemento o documento que facilite la localizaci\u00f3n de los datos personales.<\/p>\n<p>El Responsable le comunicar\u00e1, en un plazo m\u00e1ximo de veinte d\u00edas h\u00e1biles, contados desde la fecha en que aqu\u00e9l reciba la solicitud correspondiente, la determinaci\u00f3n adoptada. Si la solicitud resulta procedente, \u00e9sta se har\u00e1 efectiva dentro de los quinces d\u00edas h\u00e1biles siguientes a la fecha en que el Responsable comunique la respuesta. En caso de que la informaci\u00f3n proporcionada en su solicitud resulte err\u00f3nea o insuficiente, o no se acompa\u00f1en los documentos necesarios para acreditar su identidad o la representaci\u00f3n legal correspondiente, el Responsable, dentro de los cinco d\u00edas h\u00e1biles siguientes a la recepci\u00f3n de su solicitud, requerir\u00e1 la subsanaci\u00f3n de las deficiencias para poder dar tr\u00e1mite a la misma. En estos casos, usted contar\u00e1 con diez d\u00edas h\u00e1biles para atender el requerimiento de subsanaci\u00f3n, contados a partir del d\u00eda siguiente en que hubiere recibido esta solicitud. La solicitud correspondiente se tendr\u00e1 por no presentada si usted no responde dentro de dicho plazo.<br \/><br \/>Alternativamente, usted podr\u00e1 dirigir su solicitud a la direcci\u00f3n <strong>privacidad@casayitani.com<\/strong> cumpliendo con todos los requisitos anteriormente enumerados, estableciendo como Asunto de la comunicaci\u00f3n \u201cDerechos ARCO y\/o Revocaci\u00f3n del consentimiento\u201d. Los plazos del procedimiento ser\u00e1n los mismos a los mencionados en este apartado. El uso de medios electr\u00f3nicos para el ejercicio de los derechos ARCO autoriza al Responsable para dar respuesta a la solicitud correspondiente a trav\u00e9s del mismo medio.<br \/><br \/>Usted podr\u00e1 obtener la informaci\u00f3n o datos personales solicitados a trav\u00e9s de copias simples, documentos electr\u00f3nicos en formatos convencionales (Word, PDF, etc.), o a trav\u00e9s de cualquier otro medio leg\u00edtimo que garantice y acredite el ejercicio efectivo del derecho solicitado, de manera gratuita, salvo los gastos de env\u00edo y el costo de reproducci\u00f3n en copias u otros formatos.<br \/><br \/>Usted ser\u00e1 responsable de mantener actualizados sus datos personales en posesi\u00f3n del Responsable. Por lo anterior, usted garantiza y responde, en cualquier caso, de la veracidad, exactitud, vigencia y autenticidad de los datos personales facilitados, y se compromete a mantenerlos debidamente actualizados, comunicando cualquier cambio a Responsable.<br \/><br \/><strong>V.- Las transferencias de datos que se efect\u00faen. <\/strong>Sus datos personales pueden ser transferidos y tratados por personas distintas al Responsable en los siguientes supuestos: 1. Sociedades controladoras, subsidiarias o afiliadas del Responsable, o a una sociedad matriz; con finalidades de resguardo centralizado de la informaci\u00f3n, control de altas y bajas, cambios relacionados con su contrato; as\u00ed como para la realizaci\u00f3n de funciones de estad\u00edstica y registro hist\u00f3rico de clientes; y 2. Autoridades, organismos o entidades gubernamentales; en cumplimiento a las obligaciones contempladas en la legislaci\u00f3n aplicable y\/o en cumplimiento de requerimientos efectuados por las mismas.<br \/><br \/>Para efectuar las transferencias indicadas en los numerales del apartado anterior, no se requiere su consentimiento de conformidad con el art\u00edculo 37 de la LFPDPPP. En su caso, solicitaremos su consentimiento para poder efectuar la transferencia de sus datos hacia eventuales socios comerciales. En todos los dem\u00e1s, casos, sus datos personales no ser\u00e1n transferidos a terceros sin su consentimiento, salvo las excepciones previstas en el art\u00edculo 37 de la LFPDPPP y en todo caso cumpliendo las condiciones previstas por en el art\u00edculo 17 del Reglamento de la LFPDPPP.<br \/><br \/><strong>\u00a0<\/strong><strong>VI. El procedimiento y medio por el cual el responsable comunicar\u00e1 a los titulares de cambios al aviso de privacidad. <\/strong>El Responsable se reserva el derecho de efectuar en cualquier momento modificaciones o actualizaciones al presente aviso de privacidad, en el entendido de que toda modificaci\u00f3n al mismo se le dar\u00e1 a conocer un aviso en su p\u00e1gina de internet: www.casayitani.com, por lo que le recomendamos verificarla con frecuencia.<\/p>\n<p><strong>VII. Fecha de \u00faltima actualizaci\u00f3n: 05 de octubre de 2020<\/strong><br \/><br \/><strong>VIII. Revocaci\u00f3n del consentimiento<\/strong>. Usted podr\u00e1 revocar su consentimiento para el tratamiento de sus datos personales, sin efectos retroactivos, en todos aquellos casos en que dicha revocaci\u00f3n no suponga la imposibilidad de cumplir obligaciones derivadas de una relaci\u00f3n jur\u00eddica vigente entre usted y el Responsable. El procedimiento para la revocaci\u00f3n del consentimiento, en su caso, ser\u00e1 el mismo que el establecido en el apartado inmediato anterior para el ejercicio de los derechos ARCO.<br \/><br \/><strong>IX. Uso de cookies, Web Beacons y otras tecnolog\u00edas. <\/strong>Le informamos que el Responsable utiliza en su sitio de internet Cookies y\/o Web Beacons, a trav\u00e9s de estos mecanismos se recaban datos de manera autom\u00e1tica y simult\u00e1nea para monitorear su comportamiento como usuario de los servicios de internet. As\u00ed mismo, le informamos que usted puede deshabilitar el uso de estos mecanismos siguiendo el procedimiento para desactivaci\u00f3n establecido para su navegador de internet.<\/p>\t\t\t\t\t\t\t\t<\/div>\n\t\t\t\t<\/div>\n\t\t\t\t\t<\/div>\n\t\t<\/div>\n\t\t\t\t\t<\/div>\n\t\t<\/section>\n\t\t\t\t<\/div>\n\t\t","protected":false},"excerpt":{"rendered":"<p>SEDERIA DEL CENTRO S.A. DE C.V. 2 Poniente No. 106-A Col. Centro Puebla, Pue. M\u00e9xico C.P. 72000 RFC SCE850117BIA privacidad@casayitani.com AVISO DE PRIVACIDAD I. Identidad y domicilio del responsable que los recaba. En virtud de lo dispuesto por la Ley Federal de Protecci\u00f3n de Datos Personales en Posesi\u00f3n de los Particulares (en adelante, la \u201cLFPDPPP\u201d) [&hellip;]<\/p>\n","protected":false},"author":1,"featured_media":0,"parent":0,"menu_order":0,"comment_status":"closed","ping_status":"closed","template":"","meta":{"site-sidebar-layout":"default","site-content-layout":"default","ast-site-content-layout":"default","site-content-style":"default","site-sidebar-style":"default","ast-global-header-display":"","ast-banner-title-visibility":"","ast-main-header-display":"","ast-hfb-above-header-display":"","ast-hfb-below-header-display":"","ast-hfb-mobile-header-display":"","site-post-title":"","ast-breadcrumbs-content":"","ast-featured-img":"","footer-sml-layout":"","theme-transparent-header-meta":"default","adv-header-id-meta":"","stick-header-meta":"","header-above-stick-meta":"","header-main-stick-meta":"","header-below-stick-meta":"","astra-migrate-meta-layouts":"default","ast-page-background-enabled":"default","ast-page-background-meta":{"desktop":{"background-color":"","background-image":"","background-repeat":"repeat","background-position":"center center","background-size":"auto","background-attachment":"scroll","background-type":"","background-media":"","overlay-type":"","overlay-color":"","overlay-opacity":"","overlay-gradient":""},"tablet":{"background-color":"","background-image":"","background-repeat":"repeat","background-position":"center center","background-size":"auto","background-attachment":"scroll","background-type":"","background-media":"","overlay-type":"","overlay-color":"","overlay-opacity":"","overlay-gradient":""},"mobile":{"background-color":"","background-image":"","background-repeat":"repeat","background-position":"center center","background-size":"auto","background-attachment":"scroll","background-type":"","background-media":"","overlay-type":"","overlay-color":"","overlay-opacity":"","overlay-gradient":""}},"ast-content-background-meta":{"desktop":{"background-color":"var(--ast-global-color-5)","background-image":"","background-repeat":"repeat","background-position":"center center","background-size":"auto","background-attachment":"scroll","background-type":"","background-media":"","overlay-type":"","overlay-color":"","overlay-opacity":"","overlay-gradient":""},"tablet":{"background-color":"var(--ast-global-color-5)","background-image":"","background-repeat":"repeat","background-position":"center center","background-size":"auto","background-attachment":"scroll","background-type":"","background-media":"","overlay-type":"","overlay-color":"","overlay-opacity":"","overlay-gradient":""},"mobile":{"background-color":"var(--ast-global-color-5)","background-image":"","background-repeat":"repeat","background-position":"center center","background-size":"auto","background-attachment":"scroll","background-type":"","background-media":"","overlay-type":"","overlay-color":"","overlay-opacity":"","overlay-gradient":""}},"footnotes":""},"class_list":["post-3","page","type-page","status-publish","hentry"],"_links":{"self":[{"href":"https:\/\/casayitani.com\/index.php\/wp-json\/wp\/v2\/pages\/3","targetHints":{"allow":["GET"]}}],"collection":[{"href":"https:\/\/casayitani.com\/index.php\/wp-json\/wp\/v2\/pages"}],"about":[{"href":"https:\/\/casayitani.com\/index.php\/wp-json\/wp\/v2\/types\/page"}],"author":[{"embeddable":true,"href":"https:\/\/casayitani.com\/index.php\/wp-json\/wp\/v2\/users\/1"}],"replies":[{"embeddable":true,"href":"https:\/\/casayitani.com\/index.php\/wp-json\/wp\/v2\/comments?post=3"}],"version-history":[{"count":7,"href":"https:\/\/casayitani.com\/index.php\/wp-json\/wp\/v2\/pages\/3\/revisions"}],"predecessor-version":[{"id":2071,"href":"https:\/\/casayitani.com\/index.php\/wp-json\/wp\/v2\/pages\/3\/revisions\/2071"}],"wp:attachment":[{"href":"https:\/\/casayitani.com\/index.php\/wp-json\/wp\/v2\/media?parent=3"}],"curies":[{"name":"wp","href":"https:\/\/api.w.org\/{rel}","templated":true}]}}